{"id":219,"date":"2024-08-12T18:45:39","date_gmt":"2024-08-12T18:45:39","guid":{"rendered":"https:\/\/grupovalpi.com\/?page_id=219"},"modified":"2024-08-14T00:06:00","modified_gmt":"2024-08-14T00:06:00","slug":"mision-y-vision","status":"publish","type":"page","link":"https:\/\/grupovalpi.com\/index.php\/mision-y-vision\/","title":{"rendered":"Misi\u00f3n y visi\u00f3n"},"content":{"rendered":"\t\t<div data-elementor-type=\"wp-page\" data-elementor-id=\"219\" class=\"elementor elementor-219\">\n\t\t\t\t<div class=\"elementor-element elementor-element-c9f65a9 e-flex e-con-boxed e-con e-parent\" data-id=\"c9f65a9\" data-element_type=\"container\">\n\t\t\t\t\t<div class=\"e-con-inner\">\n\t\t\t\t<div class=\"elementor-element elementor-element-b76fb03 elementor-widget elementor-widget-spacer\" data-id=\"b76fb03\" data-element_type=\"widget\" data-widget_type=\"spacer.default\">\n\t\t\t\t<div class=\"elementor-widget-container\">\n\t\t\t\t\t\t\t<div class=\"elementor-spacer\">\n\t\t\t<div class=\"elementor-spacer-inner\"><\/div>\n\t\t<\/div>\n\t\t\t\t\t\t<\/div>\n\t\t\t\t<\/div>\n\t\t\t\t\t<\/div>\n\t\t\t\t<\/div>\n\t\t<div class=\"elementor-element elementor-element-4166284 e-con-full e-flex e-con e-parent\" data-id=\"4166284\" data-element_type=\"container\" data-settings=\"{&quot;background_background&quot;:&quot;classic&quot;}\">\n\t\t<div class=\"elementor-element elementor-element-1b712d2 e-con-full e-flex e-con e-child\" data-id=\"1b712d2\" data-element_type=\"container\">\n\t\t<div class=\"elementor-element elementor-element-657e647 e-con-full e-flex e-con e-child\" data-id=\"657e647\" data-element_type=\"container\">\n\t\t\t\t<div class=\"elementor-element elementor-element-ca73456 elementor-widget elementor-widget-heading\" data-id=\"ca73456\" data-element_type=\"widget\" data-widget_type=\"heading.default\">\n\t\t\t\t<div class=\"elementor-widget-container\">\n\t\t\t\t\t<h2 class=\"elementor-heading-title elementor-size-default\">Misi\u00f3n y visi\u00f3n<\/h2>\t\t\t\t<\/div>\n\t\t\t\t<\/div>\n\t\t\t\t<\/div>\n\t\t<div class=\"elementor-element elementor-element-7343c9b e-con-full e-flex e-con e-child\" data-id=\"7343c9b\" data-element_type=\"container\">\n\t\t\t\t<\/div>\n\t\t\t\t<\/div>\n\t\t\t\t<\/div>\n\t\t<div class=\"elementor-element elementor-element-f0e49d1 e-con-full e-flex e-con e-parent\" data-id=\"f0e49d1\" data-element_type=\"container\">\n\t\t<div class=\"elementor-element elementor-element-54151ec e-con-full e-flex e-con e-child\" data-id=\"54151ec\" data-element_type=\"container\">\n\t\t\t\t<div class=\"elementor-element elementor-element-0a936ea elementor-widget elementor-widget-text-editor\" data-id=\"0a936ea\" data-element_type=\"widget\" data-widget_type=\"text-editor.default\">\n\t\t\t\t<div class=\"elementor-widget-container\">\n\t\t\t\t\t\t\t\t\t<p><strong>Misi\u00f3n<\/strong><\/p><p>Colaborar de manera\u00a0<span class=\"resaltaTxt\">proactiva, honesta y corresponsable<\/span>\u00a0en el desarrollo de proyectos\u00a0 de vanguardia, fomentando as\u00ed el desarrollo del Pa\u00eds y el\u00a0<span class=\"resaltaTxt\">logro de los objetivos<\/span>\u00a0de nuestros clientes y accionistas.<\/p>\t\t\t\t\t\t\t\t<\/div>\n\t\t\t\t<\/div>\n\t\t\t\t<div class=\"elementor-element elementor-element-29265ca elementor-widget elementor-widget-text-editor\" data-id=\"29265ca\" data-element_type=\"widget\" data-widget_type=\"text-editor.default\">\n\t\t\t\t<div class=\"elementor-widget-container\">\n\t\t\t\t\t\t\t\t\t<p><strong>Visi\u00f3n<\/strong><\/p><p>Convertirnos en un\u00a0<span class=\"resaltaTxt\">grupo de inversi\u00f3n l\u00edder<\/span>\u00a0en diversos sectores de la econom\u00eda nacional y de r\u00e1pido y sostenido crecimiento generando una cultura de\u00a0<span class=\"resaltaTxt\">responsabilidad social<\/span>\u00a0y ofreciendo\u00a0<span class=\"resaltaTxt\">valor agregado<\/span>\u00a0a cada uno de nuestros clientes.<\/p>\t\t\t\t\t\t\t\t<\/div>\n\t\t\t\t<\/div>\n\t\t\t\t<\/div>\n\t\t<div class=\"elementor-element elementor-element-39217a2 e-con-full e-flex e-con e-child\" data-id=\"39217a2\" data-element_type=\"container\">\n\t\t\t\t<div class=\"elementor-element elementor-element-95ef55f elementor-widget elementor-widget-text-editor\" data-id=\"95ef55f\" data-element_type=\"widget\" data-widget_type=\"text-editor.default\">\n\t\t\t\t<div class=\"elementor-widget-container\">\n\t\t\t\t\t\t\t\t\t<p><strong>Valores<\/strong><\/p><p>En el desarrollo de nuestra labor profesional, ponemos en pr\u00e1ctica toda la experiencia adquirida durante a\u00f1os de ejercicio profesional, rigi\u00e9ndonos siempre por valores como:<\/p><ul><li>El\u00a0<span class=\"resaltaTxt\">profesionalismo<\/span><\/li><li>La\u00a0<span class=\"resaltaTxt\">seriedad, garant\u00eda y transparencia<\/span>\u00a0en nuestra oferta de valor<\/li><li>Y el\u00a0<span class=\"resaltaTxt\">compromiso<\/span>\u00a0con el entorno, las personas y la sociedad, gracias a\u00a0<span class=\"resaltaTxt\">criterios de gesti\u00f3n \u00e9tica<\/span>.<\/li><\/ul>\t\t\t\t\t\t\t\t<\/div>\n\t\t\t\t<\/div>\n\t\t\t\t<\/div>\n\t\t\t\t<\/div>\n\t\t\t\t<\/div>\n\t\t","protected":false},"excerpt":{"rendered":"<p>Misi\u00f3n y visi\u00f3n Misi\u00f3n Colaborar de manera\u00a0proactiva, honesta y corresponsable\u00a0en el desarrollo de proyectos\u00a0 de vanguardia, fomentando as\u00ed el desarrollo del Pa\u00eds y el\u00a0logro de los objetivos\u00a0de nuestros clientes y accionistas. Visi\u00f3n Convertirnos en un\u00a0grupo de inversi\u00f3n l\u00edder\u00a0en diversos sectores de la econom\u00eda nacional y de r\u00e1pido y sostenido crecimiento generando una cultura de\u00a0responsabilidad social\u00a0y [&hellip;]<\/p>\n","protected":false},"author":1,"featured_media":0,"parent":0,"menu_order":0,"comment_status":"closed","ping_status":"closed","template":"","meta":{"footnotes":""},"class_list":["post-219","page","type-page","status-publish","hentry"],"yoast_head":"<!-- This site is optimized with the Yoast SEO plugin v25.2 - https:\/\/yoast.com\/wordpress\/plugins\/seo\/ -->\n<title>Misi\u00f3n y visi\u00f3n - Grupo Valpi<\/title>\n<meta name=\"robots\" content=\"index, follow, max-snippet:-1, max-image-preview:large, max-video-preview:-1\" \/>\n<link rel=\"canonical\" href=\"https:\/\/grupovalpi.com\/index.php\/mision-y-vision\/\" \/>\n<meta property=\"og:locale\" content=\"es_ES\" \/>\n<meta property=\"og:type\" content=\"article\" \/>\n<meta property=\"og:title\" content=\"Misi\u00f3n y visi\u00f3n - Grupo Valpi\" \/>\n<meta property=\"og:description\" content=\"Misi\u00f3n y visi\u00f3n Misi\u00f3n Colaborar de manera\u00a0proactiva, honesta y corresponsable\u00a0en el desarrollo de proyectos\u00a0 de vanguardia, fomentando as\u00ed el desarrollo del Pa\u00eds y el\u00a0logro de los objetivos\u00a0de nuestros clientes y accionistas. Visi\u00f3n Convertirnos en un\u00a0grupo de inversi\u00f3n l\u00edder\u00a0en diversos sectores de la econom\u00eda nacional y de r\u00e1pido y sostenido crecimiento generando una cultura de\u00a0responsabilidad social\u00a0y [&hellip;]\" \/>\n<meta property=\"og:url\" content=\"https:\/\/grupovalpi.com\/index.php\/mision-y-vision\/\" \/>\n<meta property=\"og:site_name\" content=\"Grupo Valpi\" \/>\n<meta property=\"article:modified_time\" content=\"2024-08-14T00:06:00+00:00\" \/>\n<meta name=\"twitter:card\" content=\"summary_large_image\" \/>\n<meta name=\"twitter:label1\" content=\"Tiempo de lectura\" \/>\n\t<meta name=\"twitter:data1\" content=\"1 minuto\" \/>\n<script type=\"application\/ld+json\" class=\"yoast-schema-graph\">{\"@context\":\"https:\/\/schema.org\",\"@graph\":[{\"@type\":\"WebPage\",\"@id\":\"https:\/\/grupovalpi.com\/index.php\/mision-y-vision\/\",\"url\":\"https:\/\/grupovalpi.com\/index.php\/mision-y-vision\/\",\"name\":\"Misi\u00f3n y visi\u00f3n - Grupo Valpi\",\"isPartOf\":{\"@id\":\"https:\/\/grupovalpi.com\/#website\"},\"datePublished\":\"2024-08-12T18:45:39+00:00\",\"dateModified\":\"2024-08-14T00:06:00+00:00\",\"breadcrumb\":{\"@id\":\"https:\/\/grupovalpi.com\/index.php\/mision-y-vision\/#breadcrumb\"},\"inLanguage\":\"es\",\"potentialAction\":[{\"@type\":\"ReadAction\",\"target\":[\"https:\/\/grupovalpi.com\/index.php\/mision-y-vision\/\"]}]},{\"@type\":\"BreadcrumbList\",\"@id\":\"https:\/\/grupovalpi.com\/index.php\/mision-y-vision\/#breadcrumb\",\"itemListElement\":[{\"@type\":\"ListItem\",\"position\":1,\"name\":\"Portada\",\"item\":\"https:\/\/grupovalpi.com\/\"},{\"@type\":\"ListItem\",\"position\":2,\"name\":\"Misi\u00f3n y visi\u00f3n\"}]},{\"@type\":\"WebSite\",\"@id\":\"https:\/\/grupovalpi.com\/#website\",\"url\":\"https:\/\/grupovalpi.com\/\",\"name\":\"Grupo Valpi\",\"description\":\"\",\"potentialAction\":[{\"@type\":\"SearchAction\",\"target\":{\"@type\":\"EntryPoint\",\"urlTemplate\":\"https:\/\/grupovalpi.com\/?s={search_term_string}\"},\"query-input\":{\"@type\":\"PropertyValueSpecification\",\"valueRequired\":true,\"valueName\":\"search_term_string\"}}],\"inLanguage\":\"es\"}]}<\/script>\n<!-- \/ Yoast SEO plugin. -->","yoast_head_json":{"title":"Misi\u00f3n y visi\u00f3n - Grupo Valpi","robots":{"index":"index","follow":"follow","max-snippet":"max-snippet:-1","max-image-preview":"max-image-preview:large","max-video-preview":"max-video-preview:-1"},"canonical":"https:\/\/grupovalpi.com\/index.php\/mision-y-vision\/","og_locale":"es_ES","og_type":"article","og_title":"Misi\u00f3n y visi\u00f3n - Grupo Valpi","og_description":"Misi\u00f3n y visi\u00f3n Misi\u00f3n Colaborar de manera\u00a0proactiva, honesta y corresponsable\u00a0en el desarrollo de proyectos\u00a0 de vanguardia, fomentando as\u00ed el desarrollo del Pa\u00eds y el\u00a0logro de los objetivos\u00a0de nuestros clientes y accionistas. Visi\u00f3n Convertirnos en un\u00a0grupo de inversi\u00f3n l\u00edder\u00a0en diversos sectores de la econom\u00eda nacional y de r\u00e1pido y sostenido crecimiento generando una cultura de\u00a0responsabilidad social\u00a0y [&hellip;]","og_url":"https:\/\/grupovalpi.com\/index.php\/mision-y-vision\/","og_site_name":"Grupo Valpi","article_modified_time":"2024-08-14T00:06:00+00:00","twitter_card":"summary_large_image","twitter_misc":{"Tiempo de lectura":"1 minuto"},"schema":{"@context":"https:\/\/schema.org","@graph":[{"@type":"WebPage","@id":"https:\/\/grupovalpi.com\/index.php\/mision-y-vision\/","url":"https:\/\/grupovalpi.com\/index.php\/mision-y-vision\/","name":"Misi\u00f3n y visi\u00f3n - Grupo Valpi","isPartOf":{"@id":"https:\/\/grupovalpi.com\/#website"},"datePublished":"2024-08-12T18:45:39+00:00","dateModified":"2024-08-14T00:06:00+00:00","breadcrumb":{"@id":"https:\/\/grupovalpi.com\/index.php\/mision-y-vision\/#breadcrumb"},"inLanguage":"es","potentialAction":[{"@type":"ReadAction","target":["https:\/\/grupovalpi.com\/index.php\/mision-y-vision\/"]}]},{"@type":"BreadcrumbList","@id":"https:\/\/grupovalpi.com\/index.php\/mision-y-vision\/#breadcrumb","itemListElement":[{"@type":"ListItem","position":1,"name":"Portada","item":"https:\/\/grupovalpi.com\/"},{"@type":"ListItem","position":2,"name":"Misi\u00f3n y visi\u00f3n"}]},{"@type":"WebSite","@id":"https:\/\/grupovalpi.com\/#website","url":"https:\/\/grupovalpi.com\/","name":"Grupo Valpi","description":"","potentialAction":[{"@type":"SearchAction","target":{"@type":"EntryPoint","urlTemplate":"https:\/\/grupovalpi.com\/?s={search_term_string}"},"query-input":{"@type":"PropertyValueSpecification","valueRequired":true,"valueName":"search_term_string"}}],"inLanguage":"es"}]}},"_links":{"self":[{"href":"https:\/\/grupovalpi.com\/index.php\/wp-json\/wp\/v2\/pages\/219","targetHints":{"allow":["GET"]}}],"collection":[{"href":"https:\/\/grupovalpi.com\/index.php\/wp-json\/wp\/v2\/pages"}],"about":[{"href":"https:\/\/grupovalpi.com\/index.php\/wp-json\/wp\/v2\/types\/page"}],"author":[{"embeddable":true,"href":"https:\/\/grupovalpi.com\/index.php\/wp-json\/wp\/v2\/users\/1"}],"replies":[{"embeddable":true,"href":"https:\/\/grupovalpi.com\/index.php\/wp-json\/wp\/v2\/comments?post=219"}],"version-history":[{"count":22,"href":"https:\/\/grupovalpi.com\/index.php\/wp-json\/wp\/v2\/pages\/219\/revisions"}],"predecessor-version":[{"id":359,"href":"https:\/\/grupovalpi.com\/index.php\/wp-json\/wp\/v2\/pages\/219\/revisions\/359"}],"wp:attachment":[{"href":"https:\/\/grupovalpi.com\/index.php\/wp-json\/wp\/v2\/media?parent=219"}],"curies":[{"name":"wp","href":"https:\/\/api.w.org\/{rel}","templated":true}]}}